{"id":1107,"date":"2021-06-20T04:11:47","date_gmt":"2021-06-20T09:11:47","guid":{"rendered":"https:\/\/tdst.ca\/about-us\/"},"modified":"2021-06-22T19:02:30","modified_gmt":"2021-06-23T00:02:30","slug":"about-us","status":"publish","type":"page","link":"https:\/\/tdst.ca\/en\/about-us\/","title":{"rendered":"ABOUT US"},"content":{"rendered":"\n<div class=\"wp-block-cover alignfull has-background-dim-30 has-background-dim\" style=\"min-height:415px;aspect-ratio:unset;\"><img data-recalc-dims=\"1\" decoding=\"async\" width=\"1200\" height=\"675\" loading=\"lazy\" class=\"wp-block-cover__image-background wp-image-323\" alt=\"\" src=\"https:\/\/i0.wp.com\/tdst.ca\/wp-content\/uploads\/2021\/02\/Bannie%CC%80re-3-e1614178690112.png?resize=1200%2C675&#038;ssl=1\" data-object-fit=\"cover\"\/><div class=\"wp-block-cover__inner-container is-layout-flow wp-block-cover-is-layout-flow\">\n<p class=\"has-text-align-center\" style=\"font-size:50px\"><strong>Over 30 years of experience in the field!<\/strong><\/p>\n<\/div><\/div>\n\n\n\n<div style=\"height:103px\" aria-hidden=\"true\" class=\"wp-block-spacer\"><\/div>\n\n\n\n<div class=\"wp-block-media-text alignwide is-stacked-on-mobile is-vertically-aligned-center\" style=\"grid-template-columns:47% auto\"><figure class=\"wp-block-media-text__media\"><img data-recalc-dims=\"1\" decoding=\"async\" width=\"1024\" height=\"1024\" loading=\"lazy\" src=\"https:\/\/i0.wp.com\/tdst.ca\/wp-content\/uploads\/2021\/02\/Sans-titre-3-1.png?resize=1024%2C1024&#038;ssl=1\" alt=\"\" class=\"wp-image-417 size-full\" srcset=\"https:\/\/i0.wp.com\/tdst.ca\/wp-content\/uploads\/2021\/02\/Sans-titre-3-1.png?resize=1024%2C1024&amp;ssl=1 1024w, https:\/\/i0.wp.com\/tdst.ca\/wp-content\/uploads\/2021\/02\/Sans-titre-3-1.png?resize=300%2C300&amp;ssl=1 300w, https:\/\/i0.wp.com\/tdst.ca\/wp-content\/uploads\/2021\/02\/Sans-titre-3-1.png?resize=150%2C150&amp;ssl=1 150w, https:\/\/i0.wp.com\/tdst.ca\/wp-content\/uploads\/2021\/02\/Sans-titre-3-1.png?resize=768%2C768&amp;ssl=1 768w, https:\/\/i0.wp.com\/tdst.ca\/wp-content\/uploads\/2021\/02\/Sans-titre-3-1.png?w=1080&amp;ssl=1 1080w\" sizes=\"auto, (max-width: 1024px) 100vw, 1024px\" \/><\/figure><div class=\"wp-block-media-text__content\">\n<p>Founded in 1991 in the Saguenay-Lac-Saint-Jean region, TDST now serves a vast clientele made up of many large companies as far as Ottawa. Our team, made up of a dozen loyal employees certified in water treatment, provides outstanding service thanks to their expertise and professionalism. Led by owner Sylvain Tremblay, the company was a finalist at the Business Development Awards.<\/p>\n\n\n\n<p>In addition to solving problems related to residential water treatment, the company has experienced strong growth with industries over the past few years. With the increasing demand and high satisfaction rate, we decided to open a new branch that now serves Montreal and its surroundings!<\/p>\n\n\n\n<p>TDST is a member of the Association des entreprises sp\u00e9cialis\u00e9es en eau du Qu\u00e9bec \/ R\u00e9gion (AESEQ).<\/p>\n<\/div><\/div>\n\n\n\n<div style=\"height:223px\" aria-hidden=\"true\" class=\"wp-block-spacer\"><\/div>\n\n\n\n<section class=\"wp-block-themeisle-blocks-advanced-columns alignfull has-2-columns has-desktop-equal-layout has-tablet-equal-layout has-mobile-collapsedRows-layout has-nogap-gap has-vertical-flex-start\" id=\"wp-block-themeisle-blocks-advanced-columns-7e083805\"><div class=\"wp-block-themeisle-blocks-advanced-columns-overlay\"><\/div><div class=\"innerblocks-wrap\">\n<div class=\"wp-block-themeisle-blocks-advanced-column\" id=\"wp-block-themeisle-blocks-advanced-column-722b7112\">\n<p class=\"wp-block-themeisle-blocks-font-awesome-icons\" id=\"wp-block-themeisle-blocks-font-awesome-icons-bf391a3d\"><span class=\"wp-block-themeisle-blocks-font-awesome-icons-container\"><i class=\"fas fa-map-marker\"><\/i><\/span><\/p>\n\n\n\n<h3 class=\"has-text-align-center has-white-color has-text-color wp-block-heading\">Our Office<\/h3>\n\n\n\n<p class=\"has-text-align-center has-white-color has-text-color\">102-320 Place du Louvre<br>Mascouche (QC)<br>J7K 0T2<\/p>\n<\/div>\n\n\n\n<div class=\"wp-block-themeisle-blocks-advanced-column\" id=\"wp-block-themeisle-blocks-advanced-column-53a9bab3\">\n<p class=\"wp-block-themeisle-blocks-font-awesome-icons\" id=\"wp-block-themeisle-blocks-font-awesome-icons-6996e134\"><span class=\"wp-block-themeisle-blocks-font-awesome-icons-container\"><i class=\"fas fa-phone-square-alt\"><\/i><\/span><\/p>\n\n\n\n<h3 class=\"has-text-align-center has-white-color has-text-color wp-block-heading\">Contact Us<\/h3>\n\n\n\n<p class=\"has-text-align-center has-white-color has-text-color\"><strong>Montr\u00e9al : 514-222-8668<\/strong><br><strong>Quebec \/ Region : 418-540-0707<\/strong><\/p>\n<\/div>\n<\/div><\/section>\n","protected":false},"excerpt":{"rendered":"<p>Founded in 1991 in the Saguenay-Lac-Saint-Jean region, TDST now serves a vast clientele made up of many large companies as far as Ottawa. Our team, made up of a dozen loyal employees certified in water treatment, provides outstanding service thanks to their expertise and professionalism. Led by owner Sylvain Tremblay, the company was a finalist&hellip;&nbsp;<a href=\"https:\/\/tdst.ca\/en\/about-us\/\" class=\"\" rel=\"bookmark\">Read More &raquo;<span class=\"screen-reader-text\">ABOUT US<\/span><\/a><\/p>\n","protected":false},"author":1,"featured_media":0,"parent":0,"menu_order":0,"comment_status":"closed","ping_status":"closed","template":"","meta":{"nf_dc_page":"","om_disable_all_campaigns":false,"_monsterinsights_skip_tracking":false,"_monsterinsights_sitenote_active":false,"_monsterinsights_sitenote_note":"","_monsterinsights_sitenote_category":0,"neve_meta_sidebar":"default","neve_meta_container":"","neve_meta_enable_content_width":"on","neve_meta_content_width":87,"neve_meta_title_alignment":"","neve_meta_author_avatar":"","neve_post_elements_order":"","neve_meta_disable_header":"","neve_meta_disable_footer":"","neve_meta_disable_title":"on","_ti_tpc_template_sync":false,"_ti_tpc_template_id":"","footnotes":""},"class_list":["post-1107","page","type-page","status-publish","hentry"],"yoast_head":"<!-- This site is optimized with the Yoast SEO plugin v26.9 - https:\/\/yoast.com\/product\/yoast-seo-wordpress\/ -->\n<title>ABOUT US - Tdst<\/title>\n<meta name=\"robots\" content=\"index, follow, max-snippet:-1, max-image-preview:large, max-video-preview:-1\" \/>\n<link rel=\"canonical\" href=\"https:\/\/tdst.ca\/en\/about-us\/\" \/>\n<meta property=\"og:locale\" content=\"en_US\" \/>\n<meta property=\"og:type\" content=\"article\" \/>\n<meta property=\"og:title\" content=\"ABOUT US - Tdst\" \/>\n<meta property=\"og:description\" content=\"Founded in 1991 in the Saguenay-Lac-Saint-Jean region, TDST now serves a vast clientele made up of many large companies as far as Ottawa. Our team, made up of a dozen loyal employees certified in water treatment, provides outstanding service thanks to their expertise and professionalism. Led by owner Sylvain Tremblay, the company was a finalist&hellip;&nbsp;Read More &raquo;ABOUT US\" \/>\n<meta property=\"og:url\" content=\"https:\/\/tdst.ca\/en\/about-us\/\" \/>\n<meta property=\"og:site_name\" content=\"Tdst\" \/>\n<meta property=\"article:modified_time\" content=\"2021-06-23T00:02:30+00:00\" \/>\n<meta property=\"og:image\" content=\"https:\/\/tdst.ca\/wp-content\/uploads\/2021\/02\/Sans-titre-3-1-1024x1024.png\" \/>\n<meta name=\"twitter:card\" content=\"summary_large_image\" \/>\n<meta name=\"twitter:label1\" content=\"Est. reading time\" \/>\n\t<meta name=\"twitter:data1\" content=\"2 minutes\" \/>\n<script type=\"application\/ld+json\" class=\"yoast-schema-graph\">{\"@context\":\"https:\/\/schema.org\",\"@graph\":[{\"@type\":\"WebPage\",\"@id\":\"https:\/\/tdst.ca\/en\/about-us\/\",\"url\":\"https:\/\/tdst.ca\/en\/about-us\/\",\"name\":\"ABOUT US - Tdst\",\"isPartOf\":{\"@id\":\"https:\/\/tdst.ca\/#website\"},\"primaryImageOfPage\":{\"@id\":\"https:\/\/tdst.ca\/en\/about-us\/#primaryimage\"},\"image\":{\"@id\":\"https:\/\/tdst.ca\/en\/about-us\/#primaryimage\"},\"thumbnailUrl\":\"https:\/\/tdst.ca\/wp-content\/uploads\/2021\/02\/Sans-titre-3-1-1024x1024.png\",\"datePublished\":\"2021-06-20T09:11:47+00:00\",\"dateModified\":\"2021-06-23T00:02:30+00:00\",\"inLanguage\":\"en-US\",\"potentialAction\":[{\"@type\":\"ReadAction\",\"target\":[\"https:\/\/tdst.ca\/en\/about-us\/\"]}]},{\"@type\":\"ImageObject\",\"inLanguage\":\"en-US\",\"@id\":\"https:\/\/tdst.ca\/en\/about-us\/#primaryimage\",\"url\":\"https:\/\/tdst.ca\/wp-content\/uploads\/2021\/02\/Sans-titre-3-1-1024x1024.png\",\"contentUrl\":\"https:\/\/tdst.ca\/wp-content\/uploads\/2021\/02\/Sans-titre-3-1-1024x1024.png\"},{\"@type\":\"WebSite\",\"@id\":\"https:\/\/tdst.ca\/#website\",\"url\":\"https:\/\/tdst.ca\/\",\"name\":\"Tdst\",\"description\":\"L&#039;eau est une qualit\u00e9 de vie!\",\"publisher\":{\"@id\":\"https:\/\/tdst.ca\/#organization\"},\"potentialAction\":[{\"@type\":\"SearchAction\",\"target\":{\"@type\":\"EntryPoint\",\"urlTemplate\":\"https:\/\/tdst.ca\/?s={search_term_string}\"},\"query-input\":{\"@type\":\"PropertyValueSpecification\",\"valueRequired\":true,\"valueName\":\"search_term_string\"}}],\"inLanguage\":\"en-US\"},{\"@type\":\"Organization\",\"@id\":\"https:\/\/tdst.ca\/#organization\",\"name\":\"Tdst\",\"url\":\"https:\/\/tdst.ca\/\",\"logo\":{\"@type\":\"ImageObject\",\"inLanguage\":\"en-US\",\"@id\":\"https:\/\/tdst.ca\/#\/schema\/logo\/image\/\",\"url\":\"https:\/\/i0.wp.com\/tdst.ca\/wp-content\/uploads\/2021\/03\/cropped-LOGOS.png?fit=209%2C247&ssl=1\",\"contentUrl\":\"https:\/\/i0.wp.com\/tdst.ca\/wp-content\/uploads\/2021\/03\/cropped-LOGOS.png?fit=209%2C247&ssl=1\",\"width\":209,\"height\":247,\"caption\":\"Tdst\"},\"image\":{\"@id\":\"https:\/\/tdst.ca\/#\/schema\/logo\/image\/\"}}]}<\/script>\n<!-- \/ Yoast SEO plugin. -->","yoast_head_json":{"title":"ABOUT US - Tdst","robots":{"index":"index","follow":"follow","max-snippet":"max-snippet:-1","max-image-preview":"max-image-preview:large","max-video-preview":"max-video-preview:-1"},"canonical":"https:\/\/tdst.ca\/en\/about-us\/","og_locale":"en_US","og_type":"article","og_title":"ABOUT US - Tdst","og_description":"Founded in 1991 in the Saguenay-Lac-Saint-Jean region, TDST now serves a vast clientele made up of many large companies as far as Ottawa. Our team, made up of a dozen loyal employees certified in water treatment, provides outstanding service thanks to their expertise and professionalism. Led by owner Sylvain Tremblay, the company was a finalist&hellip;&nbsp;Read More &raquo;ABOUT US","og_url":"https:\/\/tdst.ca\/en\/about-us\/","og_site_name":"Tdst","article_modified_time":"2021-06-23T00:02:30+00:00","og_image":[{"url":"https:\/\/tdst.ca\/wp-content\/uploads\/2021\/02\/Sans-titre-3-1-1024x1024.png","type":"","width":"","height":""}],"twitter_card":"summary_large_image","twitter_misc":{"Est. reading time":"2 minutes"},"schema":{"@context":"https:\/\/schema.org","@graph":[{"@type":"WebPage","@id":"https:\/\/tdst.ca\/en\/about-us\/","url":"https:\/\/tdst.ca\/en\/about-us\/","name":"ABOUT US - Tdst","isPartOf":{"@id":"https:\/\/tdst.ca\/#website"},"primaryImageOfPage":{"@id":"https:\/\/tdst.ca\/en\/about-us\/#primaryimage"},"image":{"@id":"https:\/\/tdst.ca\/en\/about-us\/#primaryimage"},"thumbnailUrl":"https:\/\/tdst.ca\/wp-content\/uploads\/2021\/02\/Sans-titre-3-1-1024x1024.png","datePublished":"2021-06-20T09:11:47+00:00","dateModified":"2021-06-23T00:02:30+00:00","inLanguage":"en-US","potentialAction":[{"@type":"ReadAction","target":["https:\/\/tdst.ca\/en\/about-us\/"]}]},{"@type":"ImageObject","inLanguage":"en-US","@id":"https:\/\/tdst.ca\/en\/about-us\/#primaryimage","url":"https:\/\/tdst.ca\/wp-content\/uploads\/2021\/02\/Sans-titre-3-1-1024x1024.png","contentUrl":"https:\/\/tdst.ca\/wp-content\/uploads\/2021\/02\/Sans-titre-3-1-1024x1024.png"},{"@type":"WebSite","@id":"https:\/\/tdst.ca\/#website","url":"https:\/\/tdst.ca\/","name":"Tdst","description":"L&#039;eau est une qualit\u00e9 de vie!","publisher":{"@id":"https:\/\/tdst.ca\/#organization"},"potentialAction":[{"@type":"SearchAction","target":{"@type":"EntryPoint","urlTemplate":"https:\/\/tdst.ca\/?s={search_term_string}"},"query-input":{"@type":"PropertyValueSpecification","valueRequired":true,"valueName":"search_term_string"}}],"inLanguage":"en-US"},{"@type":"Organization","@id":"https:\/\/tdst.ca\/#organization","name":"Tdst","url":"https:\/\/tdst.ca\/","logo":{"@type":"ImageObject","inLanguage":"en-US","@id":"https:\/\/tdst.ca\/#\/schema\/logo\/image\/","url":"https:\/\/i0.wp.com\/tdst.ca\/wp-content\/uploads\/2021\/03\/cropped-LOGOS.png?fit=209%2C247&ssl=1","contentUrl":"https:\/\/i0.wp.com\/tdst.ca\/wp-content\/uploads\/2021\/03\/cropped-LOGOS.png?fit=209%2C247&ssl=1","width":209,"height":247,"caption":"Tdst"},"image":{"@id":"https:\/\/tdst.ca\/#\/schema\/logo\/image\/"}}]}},"jetpack_sharing_enabled":true,"_links":{"self":[{"href":"https:\/\/tdst.ca\/en\/wp-json\/wp\/v2\/pages\/1107","targetHints":{"allow":["GET"]}}],"collection":[{"href":"https:\/\/tdst.ca\/en\/wp-json\/wp\/v2\/pages"}],"about":[{"href":"https:\/\/tdst.ca\/en\/wp-json\/wp\/v2\/types\/page"}],"author":[{"embeddable":true,"href":"https:\/\/tdst.ca\/en\/wp-json\/wp\/v2\/users\/1"}],"replies":[{"embeddable":true,"href":"https:\/\/tdst.ca\/en\/wp-json\/wp\/v2\/comments?post=1107"}],"version-history":[{"count":5,"href":"https:\/\/tdst.ca\/en\/wp-json\/wp\/v2\/pages\/1107\/revisions"}],"predecessor-version":[{"id":1259,"href":"https:\/\/tdst.ca\/en\/wp-json\/wp\/v2\/pages\/1107\/revisions\/1259"}],"wp:attachment":[{"href":"https:\/\/tdst.ca\/en\/wp-json\/wp\/v2\/media?parent=1107"}],"curies":[{"name":"wp","href":"https:\/\/api.w.org\/{rel}","templated":true}]}}