{"id":1117,"date":"2021-06-20T04:19:36","date_gmt":"2021-06-20T09:19:36","guid":{"rendered":"https:\/\/tdst.ca\/high-pressure-cleaning\/"},"modified":"2021-06-22T18:57:57","modified_gmt":"2021-06-22T23:57:57","slug":"high-pressure-cleaning","status":"publish","type":"page","link":"https:\/\/tdst.ca\/en\/high-pressure-cleaning\/","title":{"rendered":"HIGH PRESSURE CLEANING"},"content":{"rendered":"\n<div class=\"wp-block-cover alignfull has-background-dim-30 has-background-dim\" style=\"min-height:415px;aspect-ratio:unset;\"><img data-recalc-dims=\"1\" decoding=\"async\" width=\"1200\" height=\"628\" loading=\"lazy\" class=\"wp-block-cover__image-background wp-image-851\" alt=\"\" src=\"https:\/\/i0.wp.com\/tdst.ca\/wp-content\/uploads\/2021\/03\/Bannieres.png?resize=1200%2C628&#038;ssl=1\" style=\"object-position:34% 36%\" data-object-fit=\"cover\" data-object-position=\"34% 36%\" srcset=\"https:\/\/i0.wp.com\/tdst.ca\/wp-content\/uploads\/2021\/03\/Bannieres.png?w=1200&amp;ssl=1 1200w, https:\/\/i0.wp.com\/tdst.ca\/wp-content\/uploads\/2021\/03\/Bannieres.png?resize=300%2C157&amp;ssl=1 300w, https:\/\/i0.wp.com\/tdst.ca\/wp-content\/uploads\/2021\/03\/Bannieres.png?resize=1024%2C536&amp;ssl=1 1024w, https:\/\/i0.wp.com\/tdst.ca\/wp-content\/uploads\/2021\/03\/Bannieres.png?resize=768%2C402&amp;ssl=1 768w\" sizes=\"auto, (max-width: 1200px) 100vw, 1200px\" \/><div class=\"wp-block-cover__inner-container is-layout-flow wp-block-cover-is-layout-flow\">\n<p class=\"has-text-align-center\" style=\"font-size:50px\"><strong>High pressure cleaning of your cooling towers<\/strong><\/p>\n<\/div><\/div>\n\n\n\n<section class=\"wp-block-themeisle-blocks-advanced-columns alignfull has-2-columns has-desktop-equal-layout has-tablet-equal-layout has-mobile-collapsedRows-layout has-nogap-gap has-vertical-center\" id=\"wp-block-themeisle-blocks-advanced-columns-de72ff39\"><div class=\"wp-block-themeisle-blocks-advanced-columns-overlay\"><\/div><div class=\"innerblocks-wrap\">\n<div class=\"wp-block-themeisle-blocks-advanced-column\" id=\"wp-block-themeisle-blocks-advanced-column-41f6cecb\">\n<figure class=\"wp-block-image size-large is-resized\"><img data-recalc-dims=\"1\" decoding=\"async\" loading=\"lazy\" src=\"https:\/\/i0.wp.com\/tdst.ca\/wp-content\/uploads\/2021\/03\/Tours.png?resize=426%2C426&#038;ssl=1\" alt=\"\" class=\"wp-image-863\" width=\"426\" height=\"426\" srcset=\"https:\/\/i0.wp.com\/tdst.ca\/wp-content\/uploads\/2021\/03\/Tours.png?resize=1024%2C1024&amp;ssl=1 1024w, https:\/\/i0.wp.com\/tdst.ca\/wp-content\/uploads\/2021\/03\/Tours.png?resize=300%2C300&amp;ssl=1 300w, https:\/\/i0.wp.com\/tdst.ca\/wp-content\/uploads\/2021\/03\/Tours.png?resize=150%2C150&amp;ssl=1 150w, https:\/\/i0.wp.com\/tdst.ca\/wp-content\/uploads\/2021\/03\/Tours.png?resize=768%2C768&amp;ssl=1 768w, https:\/\/i0.wp.com\/tdst.ca\/wp-content\/uploads\/2021\/03\/Tours.png?w=1080&amp;ssl=1 1080w\" sizes=\"auto, (max-width: 426px) 100vw, 426px\" \/><\/figure>\n<\/div>\n\n\n\n<div class=\"wp-block-themeisle-blocks-advanced-column\" id=\"wp-block-themeisle-blocks-advanced-column-5af0a9d5\">\n<h3 class=\"has-text-align-left wp-block-heading\">Cooling towers<\/h3>\n\n\n\n<div style=\"height:36px\" aria-hidden=\"true\" class=\"wp-block-spacer\"><\/div>\n\n\n\n<p class=\"has-medium-font-size\">We offer high pressure cleaning of your cooling towers as well as the following services<\/p>\n\n\n\n<div style=\"height:39px\" aria-hidden=\"true\" class=\"wp-block-spacer\"><\/div>\n\n\n\n<div class=\"wp-block-themeisle-blocks-icon-list\" id=\"wp-block-themeisle-blocks-icon-list-01d42b52\">\n<div class=\"wp-block-themeisle-blocks-icon-list-item\" id=\"wp-block-themeisle-blocks-icon-list-item-b667726a\"><i class=\"fas fa-angle-right wp-block-themeisle-blocks-icon-list-item-icon\"><\/i><p class=\"wp-block-themeisle-blocks-icon-list-item-content\">Caulking<\/p><\/div>\n\n\n\n<div class=\"wp-block-themeisle-blocks-icon-list-item\" id=\"wp-block-themeisle-blocks-icon-list-item-fd3f51b3\"><i class=\"fas fa-angle-right wp-block-themeisle-blocks-icon-list-item-icon\"><\/i><p class=\"wp-block-themeisle-blocks-icon-list-item-content\">Repair of cold galvanizing<\/p><\/div>\n\n\n\n<div class=\"wp-block-themeisle-blocks-icon-list-item\" id=\"wp-block-themeisle-blocks-icon-list-item-7c6051c5\"><i class=\"fas fa-angle-right wp-block-themeisle-blocks-icon-list-item-icon\"><\/i><p class=\"wp-block-themeisle-blocks-icon-list-item-content\">Repair and sale of parts<\/p><\/div>\n<\/div>\n<\/div>\n<\/div><\/section>\n\n\n\n<h3 class=\"alignwide wp-block-heading\">Formulaire de soumission<\/h3>\n\n\n\n<div class=\"wp-block-themeisle-blocks-advanced-columns has-1-columns has-desktop-equal-layout has-tablet-equal-layout has-mobile-equal-layout has-default-gap has-vertical-unset\" id=\"wp-block-themeisle-blocks-advanced-columns-22d254e8\"><div class=\"wp-block-themeisle-blocks-advanced-columns-overlay\"><\/div><div class=\"innerblocks-wrap\">\n<div class=\"wp-block-themeisle-blocks-advanced-column\" id=\"wp-block-themeisle-blocks-advanced-column-683ec0c9\"><div class=\"wpforms-container wpforms-container-full\" id=\"wpforms-861\"><form id=\"wpforms-form-861\" class=\"wpforms-validate wpforms-form\" data-formid=\"861\" method=\"post\" enctype=\"multipart\/form-data\" action=\"\/en\/wp-json\/wp\/v2\/pages\/1117\" data-token=\"3f580c65ee647ad938bb942f98ddc1ef\"><noscript class=\"wpforms-error-noscript\">Please enable JavaScript in your browser to complete this form.<\/noscript><div class=\"wpforms-field-container\"><div id=\"wpforms-861-field_1-container\" class=\"wpforms-field wpforms-field-name\" data-field-id=\"1\"><label class=\"wpforms-field-label\" for=\"wpforms-861-field_1\">Nom <span class=\"wpforms-required-label\">*<\/span><\/label><input type=\"text\" id=\"wpforms-861-field_1\" class=\"wpforms-field-medium wpforms-field-required\" name=\"wpforms[fields][1]\" required><\/div><div id=\"wpforms-861-field_2-container\" class=\"wpforms-field wpforms-field-text\" data-field-id=\"2\"><label class=\"wpforms-field-label\" for=\"wpforms-861-field_2\">T\u00e9l\u00e9phone <span class=\"wpforms-required-label\">*<\/span><\/label><input type=\"text\" id=\"wpforms-861-field_2\" class=\"wpforms-field-medium wpforms-field-required\" name=\"wpforms[fields][2]\" required><\/div><div id=\"wpforms-861-field_3-container\" class=\"wpforms-field wpforms-field-email\" data-field-id=\"3\"><label class=\"wpforms-field-label\" for=\"wpforms-861-field_3\">Adresse courriel <span class=\"wpforms-required-label\">*<\/span><\/label><input type=\"email\" id=\"wpforms-861-field_3\" class=\"wpforms-field-medium wpforms-field-required\" name=\"wpforms[fields][3]\" required><\/div><div id=\"wpforms-861-field_5-container\" class=\"wpforms-field wpforms-field-text\" data-field-id=\"5\"><label class=\"wpforms-field-label\" for=\"wpforms-861-field_5\">Grandeur de la tour (longeur, largeur, hauteur) <span class=\"wpforms-required-label\">*<\/span><\/label><input type=\"text\" id=\"wpforms-861-field_5\" class=\"wpforms-field-medium wpforms-field-required\" name=\"wpforms[fields][5]\" required><\/div><div id=\"wpforms-861-field_6-container\" class=\"wpforms-field wpforms-field-text\" data-field-id=\"6\"><label class=\"wpforms-field-label\" for=\"wpforms-861-field_6\">Mod\u00e8le ou manifacturier (optionnel)<\/label><input type=\"text\" id=\"wpforms-861-field_6\" class=\"wpforms-field-medium\" name=\"wpforms[fields][6]\" ><\/div><div id=\"wpforms-861-field_8-container\" class=\"wpforms-field wpforms-field-select wpforms-field-select-style-classic\" data-field-id=\"8\"><label class=\"wpforms-field-label\" for=\"wpforms-861-field_8\">Degr\u00e9 de salet\u00e9 pr\u00e9sent <span class=\"wpforms-required-label\">*<\/span><\/label><select id=\"wpforms-861-field_8\" class=\"wpforms-field-medium wpforms-field-required\" name=\"wpforms[fields][8]\" required=\"required\"><option value=\"1\" >1<\/option><option value=\"2\" >2<\/option><option value=\"3\" >3<\/option><option value=\"4\" >4<\/option><option value=\"5\" >5<\/option><option value=\"6\" >6<\/option><option value=\"7\" >7<\/option><option value=\"8\" >8<\/option><option value=\"9\" >9<\/option><option value=\"10\" >10<\/option><\/select><\/div><div id=\"wpforms-861-field_9-container\" class=\"wpforms-field wpforms-field-textarea\" data-field-id=\"9\"><label class=\"wpforms-field-label\" for=\"wpforms-861-field_9\">Commentaire explicatif du degr\u00e9 de salet\u00e9 <span class=\"wpforms-required-label\">*<\/span><\/label><textarea id=\"wpforms-861-field_9\" class=\"wpforms-field-medium wpforms-field-required\" name=\"wpforms[fields][9]\" required><\/textarea><\/div><div id=\"wpforms-861-field_10-container\" class=\"wpforms-field wpforms-field-text\" data-field-id=\"10\"><label class=\"wpforms-field-label\" for=\"wpforms-861-field_10\">Distance d&#039;une prise \u00e9lectrique <span class=\"wpforms-required-label\">*<\/span><\/label><input type=\"text\" id=\"wpforms-861-field_10\" class=\"wpforms-field-medium wpforms-field-required\" name=\"wpforms[fields][10]\" required><\/div><div id=\"wpforms-861-field_13-container\" class=\"wpforms-field wpforms-field-text\" data-field-id=\"13\"><label class=\"wpforms-field-label\" for=\"wpforms-861-field_13\">Distance dune prise d&#039;eau (choix eau chaude ou froide)  <span class=\"wpforms-required-label\">*<\/span><\/label><input type=\"text\" id=\"wpforms-861-field_13\" class=\"wpforms-field-medium wpforms-field-required\" name=\"wpforms[fields][13]\" required><\/div><div id=\"wpforms-861-field_12-container\" class=\"wpforms-field wpforms-field-radio\" data-field-id=\"12\"><label class=\"wpforms-field-label\" for=\"wpforms-861-field_12\">Application d&#039;acide doux (d\u00e9tartrant)  <span class=\"wpforms-required-label\">*<\/span><\/label><ul id=\"wpforms-861-field_12\" class=\"wpforms-field-required\"><li class=\"choice-1 depth-1\"><input type=\"radio\" id=\"wpforms-861-field_12_1\" name=\"wpforms[fields][12]\" value=\"Oui\" required ><label class=\"wpforms-field-label-inline\" for=\"wpforms-861-field_12_1\">Oui<\/label><\/li><li class=\"choice-2 depth-1\"><input type=\"radio\" id=\"wpforms-861-field_12_2\" name=\"wpforms[fields][12]\" value=\"Non\" required ><label class=\"wpforms-field-label-inline\" for=\"wpforms-861-field_12_2\">Non<\/label><\/li><\/ul><\/div><\/div><div class=\"wpforms-submit-container\" ><input type=\"hidden\" name=\"wpforms[id]\" value=\"861\"><input type=\"hidden\" name=\"wpforms[author]\" value=\"1\"><button type=\"submit\" name=\"wpforms[submit]\" class=\"wpforms-submit \" id=\"wpforms-submit-861\" value=\"wpforms-submit\" aria-live=\"assertive\" data-alt-text=\"Envoi en cours...\" data-submit-text=\"Envoyer\">Envoyer<\/button><\/div><\/form><\/div>  <!-- .wpforms-container --><\/div>\n<\/div><\/div>\n\n\n\n<div class=\"wp-block-columns alignwide is-layout-flex wp-container-core-columns-is-layout-9d6595d7 wp-block-columns-is-layout-flex\">\n<div class=\"wp-block-column is-layout-flow wp-block-column-is-layout-flow\">\n<div style=\"height:40px\" aria-hidden=\"true\" class=\"wp-block-spacer\"><\/div>\n<\/div>\n<\/div>\n\n\n\n<p><\/p>\n\n\n\n<section class=\"wp-block-themeisle-blocks-advanced-columns alignfull has-2-columns has-desktop-equal-layout has-tablet-equal-layout has-mobile-collapsedRows-layout has-nogap-gap has-vertical-flex-start\" id=\"wp-block-themeisle-blocks-advanced-columns-edb8250a\"><div class=\"wp-block-themeisle-blocks-advanced-columns-overlay\"><\/div><div class=\"innerblocks-wrap\">\n<div class=\"wp-block-themeisle-blocks-advanced-column\" id=\"wp-block-themeisle-blocks-advanced-column-14470c67\">\n<p class=\"wp-block-themeisle-blocks-font-awesome-icons\" id=\"wp-block-themeisle-blocks-font-awesome-icons-cfb24996\"><span class=\"wp-block-themeisle-blocks-font-awesome-icons-container\"><i class=\"fas fa-map-marker\"><\/i><\/span><\/p>\n\n\n\n<h3 class=\"has-text-align-center has-white-color has-text-color wp-block-heading\">Our Office<\/h3>\n\n\n\n<p class=\"has-text-align-center has-white-color has-text-color\">102-320 Place du Louvre<br>Mascouche (QC)<br>J7K 0T2<\/p>\n<\/div>\n\n\n\n<div class=\"wp-block-themeisle-blocks-advanced-column\" id=\"wp-block-themeisle-blocks-advanced-column-8bc3c61b\">\n<p class=\"wp-block-themeisle-blocks-font-awesome-icons\" id=\"wp-block-themeisle-blocks-font-awesome-icons-1ccebe5b\"><span class=\"wp-block-themeisle-blocks-font-awesome-icons-container\"><i class=\"fas fa-phone-square-alt\"><\/i><\/span><\/p>\n\n\n\n<h3 class=\"has-text-align-center has-white-color has-text-color wp-block-heading\">Contact Us<\/h3>\n\n\n\n<p class=\"has-text-align-center has-white-color has-text-color\"><strong>Montr\u00e9al : 514-222-8668<\/strong><br><strong>Quebec \/ Region : 418-540-0707<\/strong><\/p>\n<\/div>\n<\/div><\/section>\n","protected":false},"excerpt":{"rendered":"<p>Formulaire de soumission<\/p>\n","protected":false},"author":1,"featured_media":0,"parent":0,"menu_order":0,"comment_status":"closed","ping_status":"closed","template":"","meta":{"nf_dc_page":"","om_disable_all_campaigns":false,"_monsterinsights_skip_tracking":false,"_monsterinsights_sitenote_active":false,"_monsterinsights_sitenote_note":"","_monsterinsights_sitenote_category":0,"neve_meta_sidebar":"","neve_meta_container":"","neve_meta_enable_content_width":"on","neve_meta_content_width":87,"neve_meta_title_alignment":"","neve_meta_author_avatar":"","neve_post_elements_order":"","neve_meta_disable_header":"","neve_meta_disable_footer":"","neve_meta_disable_title":"on","_ti_tpc_template_sync":false,"_ti_tpc_template_id":"","footnotes":""},"class_list":["post-1117","page","type-page","status-publish","hentry"],"yoast_head":"<!-- This site is optimized with the Yoast SEO plugin v26.9 - https:\/\/yoast.com\/product\/yoast-seo-wordpress\/ -->\n<title>HIGH PRESSURE CLEANING - Tdst<\/title>\n<meta name=\"robots\" content=\"index, follow, max-snippet:-1, max-image-preview:large, max-video-preview:-1\" \/>\n<link rel=\"canonical\" href=\"https:\/\/tdst.ca\/en\/high-pressure-cleaning\/\" \/>\n<meta property=\"og:locale\" content=\"en_US\" \/>\n<meta property=\"og:type\" content=\"article\" \/>\n<meta property=\"og:title\" content=\"HIGH PRESSURE CLEANING - Tdst\" \/>\n<meta property=\"og:description\" content=\"Formulaire de soumission\" \/>\n<meta property=\"og:url\" content=\"https:\/\/tdst.ca\/en\/high-pressure-cleaning\/\" \/>\n<meta property=\"og:site_name\" content=\"Tdst\" \/>\n<meta property=\"article:modified_time\" content=\"2021-06-22T23:57:57+00:00\" \/>\n<meta property=\"og:image\" content=\"https:\/\/tdst.ca\/wp-content\/uploads\/2021\/03\/Bannieres.png\" \/>\n<meta name=\"twitter:card\" content=\"summary_large_image\" \/>\n<meta name=\"twitter:label1\" content=\"Est. reading time\" \/>\n\t<meta name=\"twitter:data1\" content=\"1 minute\" \/>\n<script type=\"application\/ld+json\" class=\"yoast-schema-graph\">{\"@context\":\"https:\/\/schema.org\",\"@graph\":[{\"@type\":\"WebPage\",\"@id\":\"https:\/\/tdst.ca\/en\/high-pressure-cleaning\/\",\"url\":\"https:\/\/tdst.ca\/en\/high-pressure-cleaning\/\",\"name\":\"HIGH PRESSURE CLEANING - Tdst\",\"isPartOf\":{\"@id\":\"https:\/\/tdst.ca\/#website\"},\"primaryImageOfPage\":{\"@id\":\"https:\/\/tdst.ca\/en\/high-pressure-cleaning\/#primaryimage\"},\"image\":{\"@id\":\"https:\/\/tdst.ca\/en\/high-pressure-cleaning\/#primaryimage\"},\"thumbnailUrl\":\"https:\/\/tdst.ca\/wp-content\/uploads\/2021\/03\/Bannieres.png\",\"datePublished\":\"2021-06-20T09:19:36+00:00\",\"dateModified\":\"2021-06-22T23:57:57+00:00\",\"inLanguage\":\"en-US\",\"potentialAction\":[{\"@type\":\"ReadAction\",\"target\":[\"https:\/\/tdst.ca\/en\/high-pressure-cleaning\/\"]}]},{\"@type\":\"ImageObject\",\"inLanguage\":\"en-US\",\"@id\":\"https:\/\/tdst.ca\/en\/high-pressure-cleaning\/#primaryimage\",\"url\":\"https:\/\/tdst.ca\/wp-content\/uploads\/2021\/03\/Bannieres.png\",\"contentUrl\":\"https:\/\/tdst.ca\/wp-content\/uploads\/2021\/03\/Bannieres.png\"},{\"@type\":\"WebSite\",\"@id\":\"https:\/\/tdst.ca\/#website\",\"url\":\"https:\/\/tdst.ca\/\",\"name\":\"Tdst\",\"description\":\"L&#039;eau est une qualit\u00e9 de vie!\",\"publisher\":{\"@id\":\"https:\/\/tdst.ca\/#organization\"},\"potentialAction\":[{\"@type\":\"SearchAction\",\"target\":{\"@type\":\"EntryPoint\",\"urlTemplate\":\"https:\/\/tdst.ca\/?s={search_term_string}\"},\"query-input\":{\"@type\":\"PropertyValueSpecification\",\"valueRequired\":true,\"valueName\":\"search_term_string\"}}],\"inLanguage\":\"en-US\"},{\"@type\":\"Organization\",\"@id\":\"https:\/\/tdst.ca\/#organization\",\"name\":\"Tdst\",\"url\":\"https:\/\/tdst.ca\/\",\"logo\":{\"@type\":\"ImageObject\",\"inLanguage\":\"en-US\",\"@id\":\"https:\/\/tdst.ca\/#\/schema\/logo\/image\/\",\"url\":\"https:\/\/i0.wp.com\/tdst.ca\/wp-content\/uploads\/2021\/03\/cropped-LOGOS.png?fit=209%2C247&ssl=1\",\"contentUrl\":\"https:\/\/i0.wp.com\/tdst.ca\/wp-content\/uploads\/2021\/03\/cropped-LOGOS.png?fit=209%2C247&ssl=1\",\"width\":209,\"height\":247,\"caption\":\"Tdst\"},\"image\":{\"@id\":\"https:\/\/tdst.ca\/#\/schema\/logo\/image\/\"}}]}<\/script>\n<!-- \/ Yoast SEO plugin. -->","yoast_head_json":{"title":"HIGH PRESSURE CLEANING - Tdst","robots":{"index":"index","follow":"follow","max-snippet":"max-snippet:-1","max-image-preview":"max-image-preview:large","max-video-preview":"max-video-preview:-1"},"canonical":"https:\/\/tdst.ca\/en\/high-pressure-cleaning\/","og_locale":"en_US","og_type":"article","og_title":"HIGH PRESSURE CLEANING - Tdst","og_description":"Formulaire de soumission","og_url":"https:\/\/tdst.ca\/en\/high-pressure-cleaning\/","og_site_name":"Tdst","article_modified_time":"2021-06-22T23:57:57+00:00","og_image":[{"url":"https:\/\/tdst.ca\/wp-content\/uploads\/2021\/03\/Bannieres.png","type":"","width":"","height":""}],"twitter_card":"summary_large_image","twitter_misc":{"Est. reading time":"1 minute"},"schema":{"@context":"https:\/\/schema.org","@graph":[{"@type":"WebPage","@id":"https:\/\/tdst.ca\/en\/high-pressure-cleaning\/","url":"https:\/\/tdst.ca\/en\/high-pressure-cleaning\/","name":"HIGH PRESSURE CLEANING - Tdst","isPartOf":{"@id":"https:\/\/tdst.ca\/#website"},"primaryImageOfPage":{"@id":"https:\/\/tdst.ca\/en\/high-pressure-cleaning\/#primaryimage"},"image":{"@id":"https:\/\/tdst.ca\/en\/high-pressure-cleaning\/#primaryimage"},"thumbnailUrl":"https:\/\/tdst.ca\/wp-content\/uploads\/2021\/03\/Bannieres.png","datePublished":"2021-06-20T09:19:36+00:00","dateModified":"2021-06-22T23:57:57+00:00","inLanguage":"en-US","potentialAction":[{"@type":"ReadAction","target":["https:\/\/tdst.ca\/en\/high-pressure-cleaning\/"]}]},{"@type":"ImageObject","inLanguage":"en-US","@id":"https:\/\/tdst.ca\/en\/high-pressure-cleaning\/#primaryimage","url":"https:\/\/tdst.ca\/wp-content\/uploads\/2021\/03\/Bannieres.png","contentUrl":"https:\/\/tdst.ca\/wp-content\/uploads\/2021\/03\/Bannieres.png"},{"@type":"WebSite","@id":"https:\/\/tdst.ca\/#website","url":"https:\/\/tdst.ca\/","name":"Tdst","description":"L&#039;eau est une qualit\u00e9 de vie!","publisher":{"@id":"https:\/\/tdst.ca\/#organization"},"potentialAction":[{"@type":"SearchAction","target":{"@type":"EntryPoint","urlTemplate":"https:\/\/tdst.ca\/?s={search_term_string}"},"query-input":{"@type":"PropertyValueSpecification","valueRequired":true,"valueName":"search_term_string"}}],"inLanguage":"en-US"},{"@type":"Organization","@id":"https:\/\/tdst.ca\/#organization","name":"Tdst","url":"https:\/\/tdst.ca\/","logo":{"@type":"ImageObject","inLanguage":"en-US","@id":"https:\/\/tdst.ca\/#\/schema\/logo\/image\/","url":"https:\/\/i0.wp.com\/tdst.ca\/wp-content\/uploads\/2021\/03\/cropped-LOGOS.png?fit=209%2C247&ssl=1","contentUrl":"https:\/\/i0.wp.com\/tdst.ca\/wp-content\/uploads\/2021\/03\/cropped-LOGOS.png?fit=209%2C247&ssl=1","width":209,"height":247,"caption":"Tdst"},"image":{"@id":"https:\/\/tdst.ca\/#\/schema\/logo\/image\/"}}]}},"jetpack_sharing_enabled":true,"_links":{"self":[{"href":"https:\/\/tdst.ca\/en\/wp-json\/wp\/v2\/pages\/1117","targetHints":{"allow":["GET"]}}],"collection":[{"href":"https:\/\/tdst.ca\/en\/wp-json\/wp\/v2\/pages"}],"about":[{"href":"https:\/\/tdst.ca\/en\/wp-json\/wp\/v2\/types\/page"}],"author":[{"embeddable":true,"href":"https:\/\/tdst.ca\/en\/wp-json\/wp\/v2\/users\/1"}],"replies":[{"embeddable":true,"href":"https:\/\/tdst.ca\/en\/wp-json\/wp\/v2\/comments?post=1117"}],"version-history":[{"count":5,"href":"https:\/\/tdst.ca\/en\/wp-json\/wp\/v2\/pages\/1117\/revisions"}],"predecessor-version":[{"id":1255,"href":"https:\/\/tdst.ca\/en\/wp-json\/wp\/v2\/pages\/1117\/revisions\/1255"}],"wp:attachment":[{"href":"https:\/\/tdst.ca\/en\/wp-json\/wp\/v2\/media?parent=1117"}],"curies":[{"name":"wp","href":"https:\/\/api.w.org\/{rel}","templated":true}]}}