{"id":1141,"date":"2021-06-20T04:38:24","date_gmt":"2021-06-20T09:38:24","guid":{"rendered":"https:\/\/tdst.ca\/find-a-se\/"},"modified":"2021-06-22T19:01:14","modified_gmt":"2021-06-23T00:01:14","slug":"find-a-se","status":"publish","type":"page","link":"https:\/\/tdst.ca\/en\/find-a-se\/","title":{"rendered":"FIND A SE"},"content":{"rendered":"\n<div class=\"wp-block-cover alignfull has-background-dim-30 has-background-dim\" style=\"min-height:415px;aspect-ratio:unset;\"><img data-recalc-dims=\"1\" decoding=\"async\" width=\"1200\" height=\"628\" loading=\"lazy\" class=\"wp-block-cover__image-background wp-image-784\" alt=\"\" src=\"https:\/\/i0.wp.com\/tdst.ca\/wp-content\/uploads\/2021\/03\/Bannieres-4.png?resize=1200%2C628&#038;ssl=1\" style=\"object-position:34% 36%\" data-object-fit=\"cover\" data-object-position=\"34% 36%\" srcset=\"https:\/\/i0.wp.com\/tdst.ca\/wp-content\/uploads\/2021\/03\/Bannieres-4.png?w=1200&amp;ssl=1 1200w, https:\/\/i0.wp.com\/tdst.ca\/wp-content\/uploads\/2021\/03\/Bannieres-4.png?resize=300%2C157&amp;ssl=1 300w, https:\/\/i0.wp.com\/tdst.ca\/wp-content\/uploads\/2021\/03\/Bannieres-4.png?resize=1024%2C536&amp;ssl=1 1024w, https:\/\/i0.wp.com\/tdst.ca\/wp-content\/uploads\/2021\/03\/Bannieres-4.png?resize=768%2C402&amp;ssl=1 768w\" sizes=\"auto, (max-width: 1200px) 100vw, 1200px\" \/><div class=\"wp-block-cover__inner-container is-layout-flow wp-block-cover-is-layout-flow\">\n<p class=\"has-text-align-center\" style=\"font-size:50px\"><strong>Need a stationary engineer? <\/strong><\/p>\n\n\n\n<p class=\"has-text-align-center\" style=\"font-size:50px\"><strong>We are here to help!<\/strong><\/p>\n<\/div><\/div>\n\n\n\n<div style=\"height:91px\" aria-hidden=\"true\" class=\"wp-block-spacer\"><\/div>\n\n\n\n<h3 class=\"wp-block-heading\">Request form<\/h3>\n\n\n<div class=\"wpforms-container wpforms-container-full\" id=\"wpforms-760\"><form id=\"wpforms-form-760\" class=\"wpforms-validate wpforms-form\" data-formid=\"760\" method=\"post\" enctype=\"multipart\/form-data\" action=\"\/en\/wp-json\/wp\/v2\/pages\/1141\" data-token=\"9eccc7d065361acae1776cab40b55f92\"><noscript class=\"wpforms-error-noscript\">Please enable JavaScript in your browser to complete this form.<\/noscript><div class=\"wpforms-field-container\"><div id=\"wpforms-760-field_2-container\" class=\"wpforms-field wpforms-field-name\" data-field-id=\"2\"><label class=\"wpforms-field-label\" for=\"wpforms-760-field_2\">Nom <span class=\"wpforms-required-label\">*<\/span><\/label><input type=\"text\" id=\"wpforms-760-field_2\" class=\"wpforms-field-medium wpforms-field-required\" name=\"wpforms[fields][2]\" required><\/div><div id=\"wpforms-760-field_3-container\" class=\"wpforms-field wpforms-field-email\" data-field-id=\"3\"><label class=\"wpforms-field-label\" for=\"wpforms-760-field_3\">Adresse courriel <span class=\"wpforms-required-label\">*<\/span><\/label><input type=\"email\" id=\"wpforms-760-field_3\" class=\"wpforms-field-medium wpforms-field-required\" name=\"wpforms[fields][3]\" required><\/div><div id=\"wpforms-760-field_13-container\" class=\"wpforms-field wpforms-field-text\" data-field-id=\"13\"><label class=\"wpforms-field-label\" for=\"wpforms-760-field_13\">T\u00e9l\u00e9phone <span class=\"wpforms-required-label\">*<\/span><\/label><input type=\"text\" id=\"wpforms-760-field_13\" class=\"wpforms-field-medium wpforms-field-required\" name=\"wpforms[fields][13]\" required><\/div><div id=\"wpforms-760-field_5-container\" class=\"wpforms-field wpforms-field-text\" data-field-id=\"5\"><label class=\"wpforms-field-label\" for=\"wpforms-760-field_5\">Adresse du plan <span class=\"wpforms-required-label\">*<\/span><\/label><input type=\"text\" id=\"wpforms-760-field_5\" class=\"wpforms-field-medium wpforms-field-required\" name=\"wpforms[fields][5]\" required><\/div><div id=\"wpforms-760-field_6-container\" class=\"wpforms-field wpforms-field-select wpforms-field-select-style-classic\" data-field-id=\"6\"><label class=\"wpforms-field-label\" for=\"wpforms-760-field_6\">Classe de chauffage du plan<\/label><select id=\"wpforms-760-field_6\" class=\"wpforms-field-medium\" name=\"wpforms[fields][6]\"><option value=\"1\" >1<\/option><option value=\"2\" >2<\/option><option value=\"2\" >2<\/option><option value=\"4\" >4<\/option><\/select><\/div><div id=\"wpforms-760-field_7-container\" class=\"wpforms-field wpforms-field-select wpforms-field-select-style-classic\" data-field-id=\"7\"><label class=\"wpforms-field-label\" for=\"wpforms-760-field_7\">Classe de r\u00e9frig\u00e9ration du plan<\/label><select id=\"wpforms-760-field_7\" class=\"wpforms-field-medium\" name=\"wpforms[fields][7]\"><option value=\"A\" >A<\/option><option value=\"B\" >B<\/option><\/select><\/div><div id=\"wpforms-760-field_17-container\" class=\"wpforms-field wpforms-field-checkbox\" data-field-id=\"17\"><label class=\"wpforms-field-label\" for=\"wpforms-760-field_17\">Surveillance(s) requise(s)<\/label><ul id=\"wpforms-760-field_17\"><li class=\"choice-1 depth-1\"><input type=\"checkbox\" id=\"wpforms-760-field_17_1\" name=\"wpforms[fields][17][]\" value=\"Tourn\u00e9e journali\u00e8re quotidienne\"  ><label class=\"wpforms-field-label-inline\" for=\"wpforms-760-field_17_1\">Tourn\u00e9e journali\u00e8re quotidienne<\/label><\/li><li class=\"choice-2 depth-1\"><input type=\"checkbox\" id=\"wpforms-760-field_17_2\" name=\"wpforms[fields][17][]\" value=\"Tourn\u00e9e journali\u00e8re quotidienne pendant les f\u00e9ri\u00e9s\"  ><label class=\"wpforms-field-label-inline\" for=\"wpforms-760-field_17_2\">Tourn\u00e9e journali\u00e8re quotidienne pendant les f\u00e9ri\u00e9s<\/label><\/li><li class=\"choice-3 depth-1\"><input type=\"checkbox\" id=\"wpforms-760-field_17_3\" name=\"wpforms[fields][17][]\" value=\"Tourn\u00e9e journali\u00e8re quotidienne pendant les fins de semaine\"  ><label class=\"wpforms-field-label-inline\" for=\"wpforms-760-field_17_3\">Tourn\u00e9e journali\u00e8re quotidienne pendant les fins de semaine<\/label><\/li><\/ul><\/div><div id=\"wpforms-760-field_14-container\" class=\"wpforms-field wpforms-field-select wpforms-field-select-style-classic\" data-field-id=\"14\"><label class=\"wpforms-field-label\" for=\"wpforms-760-field_14\">Lundi-Vendredi : Nombres d&#039;heure de la tourn\u00e9e journali\u00e8re quotidienne<\/label><select id=\"wpforms-760-field_14\" class=\"wpforms-field-medium\" name=\"wpforms[fields][14]\"><option value=\"1\" >1<\/option><option value=\"2\" >2<\/option><option value=\"3\" >3<\/option><option value=\"4\" >4<\/option><option value=\"5\" >5<\/option><option value=\"6\" >6<\/option><option value=\"7\" >7<\/option><option value=\"8\" >8<\/option><option value=\"9\" >9<\/option><option value=\"10\" >10<\/option><option value=\"11\" >11<\/option><option value=\"12\" >12<\/option><option value=\"13\" >13<\/option><option value=\"14\" >14<\/option><option value=\"15\" >15<\/option><option value=\"16\" >16<\/option><option value=\"17\" >17<\/option><option value=\"18\" >18<\/option><option value=\"19\" >19<\/option><option value=\"20\" >20<\/option><option value=\"21\" >21<\/option><option value=\"22\" >22<\/option><option value=\"23\" >23<\/option><option value=\"24\" >24<\/option><\/select><\/div><div id=\"wpforms-760-field_15-container\" class=\"wpforms-field wpforms-field-select wpforms-field-select-style-classic\" data-field-id=\"15\"><label class=\"wpforms-field-label\" for=\"wpforms-760-field_15\">Samedi-Dimanche : Nombres d&#039;heure de la tourn\u00e9e journali\u00e8re quotidienne<\/label><select id=\"wpforms-760-field_15\" class=\"wpforms-field-medium\" name=\"wpforms[fields][15]\"><option value=\"1\" >1<\/option><option value=\"2\" >2<\/option><option value=\"3\" >3<\/option><option value=\"4\" >4<\/option><option value=\"5\" >5<\/option><option value=\"6\" >6<\/option><option value=\"7\" >7<\/option><option value=\"8\" >8<\/option><option value=\"9\" >9<\/option><option value=\"10\" >10<\/option><option value=\"11\" >11<\/option><option value=\"12\" >12<\/option><option value=\"13\" >13<\/option><option value=\"14\" >14<\/option><option value=\"15\" >15<\/option><option value=\"16\" >16<\/option><option value=\"17\" >17<\/option><option value=\"18\" >18<\/option><option value=\"19\" >19<\/option><option value=\"20\" >20<\/option><option value=\"21\" >21<\/option><option value=\"22\" >22<\/option><option value=\"23\" >23<\/option><option value=\"24\" >24<\/option><\/select><\/div><div id=\"wpforms-760-field_12-container\" class=\"wpforms-field wpforms-field-textarea\" data-field-id=\"12\"><label class=\"wpforms-field-label\" for=\"wpforms-760-field_12\">Informations suppl\u00e9mentaires<\/label><textarea id=\"wpforms-760-field_12\" class=\"wpforms-field-medium\" name=\"wpforms[fields][12]\" ><\/textarea><\/div><\/div><div class=\"wpforms-submit-container\" ><input type=\"hidden\" name=\"wpforms[id]\" value=\"760\"><input type=\"hidden\" name=\"wpforms[author]\" value=\"1\"><button type=\"submit\" name=\"wpforms[submit]\" class=\"wpforms-submit \" id=\"wpforms-submit-760\" value=\"wpforms-submit\" aria-live=\"assertive\" data-alt-text=\"Envoi en cours...\" data-submit-text=\"Envoyer\">Envoyer<\/button><\/div><\/form><\/div>  <!-- .wpforms-container -->\n\n\n<div style=\"height:91px\" aria-hidden=\"true\" class=\"wp-block-spacer\"><\/div>\n\n\n\n<section class=\"wp-block-themeisle-blocks-advanced-columns alignfull has-2-columns has-desktop-equal-layout has-tablet-equal-layout has-mobile-collapsedRows-layout has-nogap-gap has-vertical-flex-start\" id=\"wp-block-themeisle-blocks-advanced-columns-7e083805\"><div class=\"wp-block-themeisle-blocks-advanced-columns-overlay\"><\/div><div class=\"innerblocks-wrap\">\n<div class=\"wp-block-themeisle-blocks-advanced-column\" id=\"wp-block-themeisle-blocks-advanced-column-722b7112\">\n<p class=\"wp-block-themeisle-blocks-font-awesome-icons\" id=\"wp-block-themeisle-blocks-font-awesome-icons-bf391a3d\"><span class=\"wp-block-themeisle-blocks-font-awesome-icons-container\"><i class=\"fas fa-map-marker\"><\/i><\/span><\/p>\n\n\n\n<h3 class=\"has-text-align-center has-white-color has-text-color wp-block-heading\">Our Office<\/h3>\n\n\n\n<p class=\"has-text-align-center has-white-color has-text-color\">102-320 Place du Louvre<br>Mascouche (QC)<br>J7K 0T2<\/p>\n<\/div>\n\n\n\n<div class=\"wp-block-themeisle-blocks-advanced-column\" id=\"wp-block-themeisle-blocks-advanced-column-53a9bab3\">\n<p class=\"wp-block-themeisle-blocks-font-awesome-icons\" id=\"wp-block-themeisle-blocks-font-awesome-icons-6996e134\"><span class=\"wp-block-themeisle-blocks-font-awesome-icons-container\"><i class=\"fas fa-phone-square-alt\"><\/i><\/span><\/p>\n\n\n\n<h3 class=\"has-text-align-center has-white-color has-text-color wp-block-heading\">Contact Us<\/h3>\n\n\n\n<p class=\"has-text-align-center has-white-color has-text-color\"><strong>Montr\u00e9al : 514-222-8668<\/strong><br><strong>Quebec \/ Region : 418-540-0707<\/strong><\/p>\n<\/div>\n<\/div><\/section>\n","protected":false},"excerpt":{"rendered":"<p>Request form<\/p>\n","protected":false},"author":1,"featured_media":0,"parent":0,"menu_order":0,"comment_status":"closed","ping_status":"closed","template":"","meta":{"nf_dc_page":"","om_disable_all_campaigns":false,"_monsterinsights_skip_tracking":false,"_monsterinsights_sitenote_active":false,"_monsterinsights_sitenote_note":"","_monsterinsights_sitenote_category":0,"neve_meta_sidebar":"","neve_meta_container":"","neve_meta_enable_content_width":"on","neve_meta_content_width":87,"neve_meta_title_alignment":"","neve_meta_author_avatar":"","neve_post_elements_order":"","neve_meta_disable_header":"off","neve_meta_disable_footer":"","neve_meta_disable_title":"on","_ti_tpc_template_sync":false,"_ti_tpc_template_id":"","footnotes":""},"class_list":["post-1141","page","type-page","status-publish","hentry"],"yoast_head":"<!-- This site is optimized with the Yoast SEO plugin v26.9 - https:\/\/yoast.com\/product\/yoast-seo-wordpress\/ -->\n<title>FIND A SE - Tdst<\/title>\n<meta name=\"robots\" content=\"index, follow, max-snippet:-1, max-image-preview:large, max-video-preview:-1\" \/>\n<link rel=\"canonical\" href=\"https:\/\/tdst.ca\/en\/find-a-se\/\" \/>\n<meta property=\"og:locale\" content=\"en_US\" \/>\n<meta property=\"og:type\" content=\"article\" \/>\n<meta property=\"og:title\" content=\"FIND A SE - Tdst\" \/>\n<meta property=\"og:description\" content=\"Request form\" \/>\n<meta property=\"og:url\" content=\"https:\/\/tdst.ca\/en\/find-a-se\/\" \/>\n<meta property=\"og:site_name\" content=\"Tdst\" \/>\n<meta property=\"article:modified_time\" content=\"2021-06-23T00:01:14+00:00\" \/>\n<meta property=\"og:image\" content=\"https:\/\/tdst.ca\/wp-content\/uploads\/2021\/03\/Bannieres-4.png\" \/>\n<meta name=\"twitter:card\" content=\"summary_large_image\" \/>\n<meta name=\"twitter:label1\" content=\"Est. reading time\" \/>\n\t<meta name=\"twitter:data1\" content=\"1 minute\" \/>\n<script type=\"application\/ld+json\" class=\"yoast-schema-graph\">{\"@context\":\"https:\/\/schema.org\",\"@graph\":[{\"@type\":\"WebPage\",\"@id\":\"https:\/\/tdst.ca\/en\/find-a-se\/\",\"url\":\"https:\/\/tdst.ca\/en\/find-a-se\/\",\"name\":\"FIND A SE - Tdst\",\"isPartOf\":{\"@id\":\"https:\/\/tdst.ca\/#website\"},\"primaryImageOfPage\":{\"@id\":\"https:\/\/tdst.ca\/en\/find-a-se\/#primaryimage\"},\"image\":{\"@id\":\"https:\/\/tdst.ca\/en\/find-a-se\/#primaryimage\"},\"thumbnailUrl\":\"https:\/\/tdst.ca\/wp-content\/uploads\/2021\/03\/Bannieres-4.png\",\"datePublished\":\"2021-06-20T09:38:24+00:00\",\"dateModified\":\"2021-06-23T00:01:14+00:00\",\"inLanguage\":\"en-US\",\"potentialAction\":[{\"@type\":\"ReadAction\",\"target\":[\"https:\/\/tdst.ca\/en\/find-a-se\/\"]}]},{\"@type\":\"ImageObject\",\"inLanguage\":\"en-US\",\"@id\":\"https:\/\/tdst.ca\/en\/find-a-se\/#primaryimage\",\"url\":\"https:\/\/tdst.ca\/wp-content\/uploads\/2021\/03\/Bannieres-4.png\",\"contentUrl\":\"https:\/\/tdst.ca\/wp-content\/uploads\/2021\/03\/Bannieres-4.png\"},{\"@type\":\"WebSite\",\"@id\":\"https:\/\/tdst.ca\/#website\",\"url\":\"https:\/\/tdst.ca\/\",\"name\":\"Tdst\",\"description\":\"L&#039;eau est une qualit\u00e9 de vie!\",\"publisher\":{\"@id\":\"https:\/\/tdst.ca\/#organization\"},\"potentialAction\":[{\"@type\":\"SearchAction\",\"target\":{\"@type\":\"EntryPoint\",\"urlTemplate\":\"https:\/\/tdst.ca\/?s={search_term_string}\"},\"query-input\":{\"@type\":\"PropertyValueSpecification\",\"valueRequired\":true,\"valueName\":\"search_term_string\"}}],\"inLanguage\":\"en-US\"},{\"@type\":\"Organization\",\"@id\":\"https:\/\/tdst.ca\/#organization\",\"name\":\"Tdst\",\"url\":\"https:\/\/tdst.ca\/\",\"logo\":{\"@type\":\"ImageObject\",\"inLanguage\":\"en-US\",\"@id\":\"https:\/\/tdst.ca\/#\/schema\/logo\/image\/\",\"url\":\"https:\/\/i0.wp.com\/tdst.ca\/wp-content\/uploads\/2021\/03\/cropped-LOGOS.png?fit=209%2C247&ssl=1\",\"contentUrl\":\"https:\/\/i0.wp.com\/tdst.ca\/wp-content\/uploads\/2021\/03\/cropped-LOGOS.png?fit=209%2C247&ssl=1\",\"width\":209,\"height\":247,\"caption\":\"Tdst\"},\"image\":{\"@id\":\"https:\/\/tdst.ca\/#\/schema\/logo\/image\/\"}}]}<\/script>\n<!-- \/ Yoast SEO plugin. -->","yoast_head_json":{"title":"FIND A SE - Tdst","robots":{"index":"index","follow":"follow","max-snippet":"max-snippet:-1","max-image-preview":"max-image-preview:large","max-video-preview":"max-video-preview:-1"},"canonical":"https:\/\/tdst.ca\/en\/find-a-se\/","og_locale":"en_US","og_type":"article","og_title":"FIND A SE - Tdst","og_description":"Request form","og_url":"https:\/\/tdst.ca\/en\/find-a-se\/","og_site_name":"Tdst","article_modified_time":"2021-06-23T00:01:14+00:00","og_image":[{"url":"https:\/\/tdst.ca\/wp-content\/uploads\/2021\/03\/Bannieres-4.png","type":"","width":"","height":""}],"twitter_card":"summary_large_image","twitter_misc":{"Est. reading time":"1 minute"},"schema":{"@context":"https:\/\/schema.org","@graph":[{"@type":"WebPage","@id":"https:\/\/tdst.ca\/en\/find-a-se\/","url":"https:\/\/tdst.ca\/en\/find-a-se\/","name":"FIND A SE - Tdst","isPartOf":{"@id":"https:\/\/tdst.ca\/#website"},"primaryImageOfPage":{"@id":"https:\/\/tdst.ca\/en\/find-a-se\/#primaryimage"},"image":{"@id":"https:\/\/tdst.ca\/en\/find-a-se\/#primaryimage"},"thumbnailUrl":"https:\/\/tdst.ca\/wp-content\/uploads\/2021\/03\/Bannieres-4.png","datePublished":"2021-06-20T09:38:24+00:00","dateModified":"2021-06-23T00:01:14+00:00","inLanguage":"en-US","potentialAction":[{"@type":"ReadAction","target":["https:\/\/tdst.ca\/en\/find-a-se\/"]}]},{"@type":"ImageObject","inLanguage":"en-US","@id":"https:\/\/tdst.ca\/en\/find-a-se\/#primaryimage","url":"https:\/\/tdst.ca\/wp-content\/uploads\/2021\/03\/Bannieres-4.png","contentUrl":"https:\/\/tdst.ca\/wp-content\/uploads\/2021\/03\/Bannieres-4.png"},{"@type":"WebSite","@id":"https:\/\/tdst.ca\/#website","url":"https:\/\/tdst.ca\/","name":"Tdst","description":"L&#039;eau est une qualit\u00e9 de vie!","publisher":{"@id":"https:\/\/tdst.ca\/#organization"},"potentialAction":[{"@type":"SearchAction","target":{"@type":"EntryPoint","urlTemplate":"https:\/\/tdst.ca\/?s={search_term_string}"},"query-input":{"@type":"PropertyValueSpecification","valueRequired":true,"valueName":"search_term_string"}}],"inLanguage":"en-US"},{"@type":"Organization","@id":"https:\/\/tdst.ca\/#organization","name":"Tdst","url":"https:\/\/tdst.ca\/","logo":{"@type":"ImageObject","inLanguage":"en-US","@id":"https:\/\/tdst.ca\/#\/schema\/logo\/image\/","url":"https:\/\/i0.wp.com\/tdst.ca\/wp-content\/uploads\/2021\/03\/cropped-LOGOS.png?fit=209%2C247&ssl=1","contentUrl":"https:\/\/i0.wp.com\/tdst.ca\/wp-content\/uploads\/2021\/03\/cropped-LOGOS.png?fit=209%2C247&ssl=1","width":209,"height":247,"caption":"Tdst"},"image":{"@id":"https:\/\/tdst.ca\/#\/schema\/logo\/image\/"}}]}},"jetpack_sharing_enabled":true,"_links":{"self":[{"href":"https:\/\/tdst.ca\/en\/wp-json\/wp\/v2\/pages\/1141","targetHints":{"allow":["GET"]}}],"collection":[{"href":"https:\/\/tdst.ca\/en\/wp-json\/wp\/v2\/pages"}],"about":[{"href":"https:\/\/tdst.ca\/en\/wp-json\/wp\/v2\/types\/page"}],"author":[{"embeddable":true,"href":"https:\/\/tdst.ca\/en\/wp-json\/wp\/v2\/users\/1"}],"replies":[{"embeddable":true,"href":"https:\/\/tdst.ca\/en\/wp-json\/wp\/v2\/comments?post=1141"}],"version-history":[{"count":5,"href":"https:\/\/tdst.ca\/en\/wp-json\/wp\/v2\/pages\/1141\/revisions"}],"predecessor-version":[{"id":1256,"href":"https:\/\/tdst.ca\/en\/wp-json\/wp\/v2\/pages\/1141\/revisions\/1256"}],"wp:attachment":[{"href":"https:\/\/tdst.ca\/en\/wp-json\/wp\/v2\/media?parent=1141"}],"curies":[{"name":"wp","href":"https:\/\/api.w.org\/{rel}","templated":true}]}}