{"id":1146,"date":"2021-06-20T05:15:11","date_gmt":"2021-06-20T10:15:11","guid":{"rendered":"https:\/\/tdst.ca\/careers\/"},"modified":"2021-06-22T19:02:27","modified_gmt":"2021-06-23T00:02:27","slug":"careers","status":"publish","type":"page","link":"https:\/\/tdst.ca\/en\/careers\/","title":{"rendered":"CAREERS"},"content":{"rendered":"\n<div class=\"wp-block-cover alignfull has-background-dim-20 has-background-dim\" style=\"min-height:415px;aspect-ratio:unset;\"><img data-recalc-dims=\"1\" decoding=\"async\" width=\"1200\" height=\"628\" loading=\"lazy\" class=\"wp-block-cover__image-background wp-image-799\" alt=\"\" src=\"https:\/\/i0.wp.com\/tdst.ca\/wp-content\/uploads\/2021\/03\/Bannieres-6.png?resize=1200%2C628&#038;ssl=1\" style=\"object-position:30% 56%\" data-object-fit=\"cover\" data-object-position=\"30% 56%\" srcset=\"https:\/\/i0.wp.com\/tdst.ca\/wp-content\/uploads\/2021\/03\/Bannieres-6.png?w=1200&amp;ssl=1 1200w, https:\/\/i0.wp.com\/tdst.ca\/wp-content\/uploads\/2021\/03\/Bannieres-6.png?resize=300%2C157&amp;ssl=1 300w, https:\/\/i0.wp.com\/tdst.ca\/wp-content\/uploads\/2021\/03\/Bannieres-6.png?resize=1024%2C536&amp;ssl=1 1024w, https:\/\/i0.wp.com\/tdst.ca\/wp-content\/uploads\/2021\/03\/Bannieres-6.png?resize=768%2C402&amp;ssl=1 768w\" sizes=\"auto, (max-width: 1200px) 100vw, 1200px\" \/><div class=\"wp-block-cover__inner-container is-layout-flow wp-block-cover-is-layout-flow\">\n<p class=\"has-text-align-center\" style=\"font-size:50px\"><strong>Become a stationary engineer!<\/strong><\/p>\n<\/div><\/div>\n\n\n\n<div style=\"height:90px\" aria-hidden=\"true\" class=\"wp-block-spacer\"><\/div>\n\n\n\n<h3 class=\"wp-block-heading\">Application form<\/h3>\n\n\n\n<div class=\"wp-block-columns is-layout-flex wp-container-core-columns-is-layout-9d6595d7 wp-block-columns-is-layout-flex\">\n<div class=\"wp-block-column is-layout-flow wp-block-column-is-layout-flow\"><div class=\"wpforms-container wpforms-container-full\" id=\"wpforms-796\"><form id=\"wpforms-form-796\" class=\"wpforms-validate wpforms-form\" data-formid=\"796\" method=\"post\" enctype=\"multipart\/form-data\" action=\"\/en\/wp-json\/wp\/v2\/pages\/1146?wpforms_form_id=796\" data-token=\"9eccc7d065361acae1776cab40b55f92\"><noscript class=\"wpforms-error-noscript\">Please enable JavaScript in your browser to complete this form.<\/noscript><div class=\"wpforms-field-container\"><div id=\"wpforms-796-field_1-container\" class=\"wpforms-field wpforms-field-name\" data-field-id=\"1\"><label class=\"wpforms-field-label\" for=\"wpforms-796-field_1\">Nom <span class=\"wpforms-required-label\">*<\/span><\/label><input type=\"text\" id=\"wpforms-796-field_1\" class=\"wpforms-field-medium wpforms-field-required\" name=\"wpforms[fields][1]\" required><\/div><div id=\"wpforms-796-field_3-container\" class=\"wpforms-field wpforms-field-text\" data-field-id=\"3\"><label class=\"wpforms-field-label\" for=\"wpforms-796-field_3\">T\u00e9l\u00e9phone <span class=\"wpforms-required-label\">*<\/span><\/label><input type=\"text\" id=\"wpforms-796-field_3\" class=\"wpforms-field-medium wpforms-field-required\" name=\"wpforms[fields][3]\" required><\/div><div id=\"wpforms-796-field_4-container\" class=\"wpforms-field wpforms-field-email\" data-field-id=\"4\"><label class=\"wpforms-field-label\" for=\"wpforms-796-field_4\">Adresse courriel <span class=\"wpforms-required-label\">*<\/span><\/label><input type=\"email\" id=\"wpforms-796-field_4\" class=\"wpforms-field-medium wpforms-field-required\" name=\"wpforms[fields][4]\" required><\/div><div id=\"wpforms-796-field_7-container\" class=\"wpforms-field wpforms-field-file-upload\" data-field-id=\"7\"><label class=\"wpforms-field-label\" for=\"wpforms-796-field_7\">Joindre votre CV <span class=\"wpforms-required-label\">*<\/span><\/label><input type=\"file\" id=\"wpforms-796-field_7\" class=\"wpforms-field-required\" data-rule-extension=\"jpg,jpeg,jpe,gif,png,bmp,tiff,tif,webp,avif,ico,heic,heif,heics,heifs,asf,asx,wmv,wmx,wm,avi,divx,mov,qt,mpeg,mpg,mpe,mp4,m4v,ogv,webm,mkv,3gp,3gpp,3g2,3gp2,txt,asc,c,cc,h,srt,csv,tsv,ics,rtx,css,vtt,mp3,m4a,m4b,aac,ra,ram,wav,ogg,oga,flac,mid,midi,wma,wax,mka,rtf,pdf,class,tar,zip,gz,gzip,rar,7z,psd,xcf,doc,pot,pps,ppt,wri,xla,xls,xlt,xlw,mpp,docx,docm,dotx,dotm,xlsx,xlsm,xlsb,xltx,xltm,xlam,pptx,pptm,ppsx,ppsm,potx,potm,ppam,sldx,sldm,onetoc,onetoc2,onepkg,oxps,xps,odt,odp,ods,odg,odc,odb,odf,wp,wpd,key,numbers,pages\" data-rule-maxsize=\"536870912\" name=\"wpforms_796_7\" accept=\".jpg,.jpeg,.jpe,.gif,.png,.bmp,.tiff,.tif,.webp,.avif,.ico,.heic,.heif,.heics,.heifs,.asf,.asx,.wmv,.wmx,.wm,.avi,.divx,.mov,.qt,.mpeg,.mpg,.mpe,.mp4,.m4v,.ogv,.webm,.mkv,.3gp,.3gpp,.3g2,.3gp2,.txt,.asc,.c,.cc,.h,.srt,.csv,.tsv,.ics,.rtx,.css,.vtt,.mp3,.m4a,.m4b,.aac,.ra,.ram,.wav,.ogg,.oga,.flac,.mid,.midi,.wma,.wax,.mka,.rtf,.pdf,.class,.tar,.zip,.gz,.gzip,.rar,.7z,.psd,.xcf,.doc,.pot,.pps,.ppt,.wri,.xla,.xls,.xlt,.xlw,.mpp,.docx,.docm,.dotx,.dotm,.xlsx,.xlsm,.xlsb,.xltx,.xltm,.xlam,.pptx,.pptm,.ppsx,.ppsm,.potx,.potm,.ppam,.sldx,.sldm,.onetoc,.onetoc2,.onepkg,.oxps,.xps,.odt,.odp,.ods,.odg,.odc,.odb,.odf,.wp,.wpd,.key,.numbers,.pages\" required><\/div><div id=\"wpforms-796-field_5-container\" class=\"wpforms-field wpforms-field-textarea\" data-field-id=\"5\"><label class=\"wpforms-field-label\" for=\"wpforms-796-field_5\">Formation<\/label><textarea id=\"wpforms-796-field_5\" class=\"wpforms-field-medium\" name=\"wpforms[fields][5]\" ><\/textarea><\/div><div id=\"wpforms-796-field_6-container\" class=\"wpforms-field wpforms-field-textarea\" data-field-id=\"6\"><label class=\"wpforms-field-label\" for=\"wpforms-796-field_6\">Exp\u00e9rience \u00e0 titre de m\u00e9canicien de machines fixes<\/label><textarea id=\"wpforms-796-field_6\" class=\"wpforms-field-medium\" name=\"wpforms[fields][6]\" ><\/textarea><\/div><\/div><div class=\"wpforms-submit-container\" ><input type=\"hidden\" name=\"wpforms[id]\" value=\"796\"><input type=\"hidden\" name=\"wpforms[author]\" value=\"1\"><button type=\"submit\" name=\"wpforms[submit]\" class=\"wpforms-submit \" id=\"wpforms-submit-796\" value=\"wpforms-submit\" aria-live=\"assertive\" data-alt-text=\"Envoi en cours...\" data-submit-text=\"Envoyer candidature\">Envoyer candidature<\/button><\/div><\/form><\/div>  <!-- .wpforms-container -->\n\n\n<p><\/p>\n<\/div>\n<\/div>\n\n\n\n<div style=\"height:90px\" aria-hidden=\"true\" class=\"wp-block-spacer\"><\/div>\n\n\n\n<p><\/p>\n\n\n\n<section class=\"wp-block-themeisle-blocks-advanced-columns alignfull has-2-columns has-desktop-equal-layout has-tablet-equal-layout has-mobile-collapsedRows-layout has-nogap-gap has-vertical-flex-start\" id=\"wp-block-themeisle-blocks-advanced-columns-7e083805\"><div class=\"wp-block-themeisle-blocks-advanced-columns-overlay\"><\/div><div class=\"innerblocks-wrap\">\n<div class=\"wp-block-themeisle-blocks-advanced-column\" id=\"wp-block-themeisle-blocks-advanced-column-722b7112\">\n<p class=\"wp-block-themeisle-blocks-font-awesome-icons\" id=\"wp-block-themeisle-blocks-font-awesome-icons-bf391a3d\"><span class=\"wp-block-themeisle-blocks-font-awesome-icons-container\"><i class=\"fas fa-map-marker\"><\/i><\/span><\/p>\n\n\n\n<h3 class=\"has-text-align-center has-white-color has-text-color wp-block-heading\">Our Office<\/h3>\n\n\n\n<p class=\"has-text-align-center has-white-color has-text-color\">102-320 Place du Louvre<br>Mascouche (QC)<br>J7K 0T2<\/p>\n<\/div>\n\n\n\n<div class=\"wp-block-themeisle-blocks-advanced-column\" id=\"wp-block-themeisle-blocks-advanced-column-53a9bab3\">\n<p class=\"wp-block-themeisle-blocks-font-awesome-icons\" id=\"wp-block-themeisle-blocks-font-awesome-icons-6996e134\"><span class=\"wp-block-themeisle-blocks-font-awesome-icons-container\"><i class=\"fas fa-phone-square-alt\"><\/i><\/span><\/p>\n\n\n\n<h3 class=\"has-text-align-center has-white-color has-text-color wp-block-heading\">Contact Us<\/h3>\n\n\n\n<p class=\"has-text-align-center has-white-color has-text-color\"><strong>Montr\u00e9al : 514-222-8668<\/strong><br><strong>Quebec \/ Region : 418-540-0707<\/strong><\/p>\n<\/div>\n<\/div><\/section>\n","protected":false},"excerpt":{"rendered":"<p>Application form<\/p>\n","protected":false},"author":1,"featured_media":0,"parent":0,"menu_order":0,"comment_status":"closed","ping_status":"closed","template":"","meta":{"nf_dc_page":"","om_disable_all_campaigns":false,"_monsterinsights_skip_tracking":false,"_monsterinsights_sitenote_active":false,"_monsterinsights_sitenote_note":"","_monsterinsights_sitenote_category":0,"neve_meta_sidebar":"","neve_meta_container":"","neve_meta_enable_content_width":"on","neve_meta_content_width":87,"neve_meta_title_alignment":"","neve_meta_author_avatar":"","neve_post_elements_order":"","neve_meta_disable_header":"","neve_meta_disable_footer":"","neve_meta_disable_title":"on","_ti_tpc_template_sync":false,"_ti_tpc_template_id":"","footnotes":""},"class_list":["post-1146","page","type-page","status-publish","hentry"],"yoast_head":"<!-- This site is optimized with the Yoast SEO plugin v26.9 - https:\/\/yoast.com\/product\/yoast-seo-wordpress\/ -->\n<title>CAREERS - Tdst<\/title>\n<meta name=\"robots\" content=\"index, follow, max-snippet:-1, max-image-preview:large, max-video-preview:-1\" \/>\n<link rel=\"canonical\" href=\"https:\/\/tdst.ca\/en\/careers\/\" \/>\n<meta property=\"og:locale\" content=\"en_US\" \/>\n<meta property=\"og:type\" content=\"article\" \/>\n<meta property=\"og:title\" content=\"CAREERS - Tdst\" \/>\n<meta property=\"og:description\" content=\"Application form\" \/>\n<meta property=\"og:url\" content=\"https:\/\/tdst.ca\/en\/careers\/\" \/>\n<meta property=\"og:site_name\" content=\"Tdst\" \/>\n<meta property=\"article:modified_time\" content=\"2021-06-23T00:02:27+00:00\" \/>\n<meta property=\"og:image\" content=\"https:\/\/tdst.ca\/wp-content\/uploads\/2021\/03\/Bannieres-6.png\" \/>\n<meta name=\"twitter:card\" content=\"summary_large_image\" \/>\n<meta name=\"twitter:label1\" content=\"Est. reading time\" \/>\n\t<meta name=\"twitter:data1\" content=\"1 minute\" \/>\n<script type=\"application\/ld+json\" class=\"yoast-schema-graph\">{\"@context\":\"https:\/\/schema.org\",\"@graph\":[{\"@type\":\"WebPage\",\"@id\":\"https:\/\/tdst.ca\/en\/careers\/\",\"url\":\"https:\/\/tdst.ca\/en\/careers\/\",\"name\":\"CAREERS - Tdst\",\"isPartOf\":{\"@id\":\"https:\/\/tdst.ca\/#website\"},\"primaryImageOfPage\":{\"@id\":\"https:\/\/tdst.ca\/en\/careers\/#primaryimage\"},\"image\":{\"@id\":\"https:\/\/tdst.ca\/en\/careers\/#primaryimage\"},\"thumbnailUrl\":\"https:\/\/tdst.ca\/wp-content\/uploads\/2021\/03\/Bannieres-6.png\",\"datePublished\":\"2021-06-20T10:15:11+00:00\",\"dateModified\":\"2021-06-23T00:02:27+00:00\",\"inLanguage\":\"en-US\",\"potentialAction\":[{\"@type\":\"ReadAction\",\"target\":[\"https:\/\/tdst.ca\/en\/careers\/\"]}]},{\"@type\":\"ImageObject\",\"inLanguage\":\"en-US\",\"@id\":\"https:\/\/tdst.ca\/en\/careers\/#primaryimage\",\"url\":\"https:\/\/tdst.ca\/wp-content\/uploads\/2021\/03\/Bannieres-6.png\",\"contentUrl\":\"https:\/\/tdst.ca\/wp-content\/uploads\/2021\/03\/Bannieres-6.png\"},{\"@type\":\"WebSite\",\"@id\":\"https:\/\/tdst.ca\/#website\",\"url\":\"https:\/\/tdst.ca\/\",\"name\":\"Tdst\",\"description\":\"L&#039;eau est une qualit\u00e9 de vie!\",\"publisher\":{\"@id\":\"https:\/\/tdst.ca\/#organization\"},\"potentialAction\":[{\"@type\":\"SearchAction\",\"target\":{\"@type\":\"EntryPoint\",\"urlTemplate\":\"https:\/\/tdst.ca\/?s={search_term_string}\"},\"query-input\":{\"@type\":\"PropertyValueSpecification\",\"valueRequired\":true,\"valueName\":\"search_term_string\"}}],\"inLanguage\":\"en-US\"},{\"@type\":\"Organization\",\"@id\":\"https:\/\/tdst.ca\/#organization\",\"name\":\"Tdst\",\"url\":\"https:\/\/tdst.ca\/\",\"logo\":{\"@type\":\"ImageObject\",\"inLanguage\":\"en-US\",\"@id\":\"https:\/\/tdst.ca\/#\/schema\/logo\/image\/\",\"url\":\"https:\/\/i0.wp.com\/tdst.ca\/wp-content\/uploads\/2021\/03\/cropped-LOGOS.png?fit=209%2C247&ssl=1\",\"contentUrl\":\"https:\/\/i0.wp.com\/tdst.ca\/wp-content\/uploads\/2021\/03\/cropped-LOGOS.png?fit=209%2C247&ssl=1\",\"width\":209,\"height\":247,\"caption\":\"Tdst\"},\"image\":{\"@id\":\"https:\/\/tdst.ca\/#\/schema\/logo\/image\/\"}}]}<\/script>\n<!-- \/ Yoast SEO plugin. -->","yoast_head_json":{"title":"CAREERS - Tdst","robots":{"index":"index","follow":"follow","max-snippet":"max-snippet:-1","max-image-preview":"max-image-preview:large","max-video-preview":"max-video-preview:-1"},"canonical":"https:\/\/tdst.ca\/en\/careers\/","og_locale":"en_US","og_type":"article","og_title":"CAREERS - Tdst","og_description":"Application form","og_url":"https:\/\/tdst.ca\/en\/careers\/","og_site_name":"Tdst","article_modified_time":"2021-06-23T00:02:27+00:00","og_image":[{"url":"https:\/\/tdst.ca\/wp-content\/uploads\/2021\/03\/Bannieres-6.png","type":"","width":"","height":""}],"twitter_card":"summary_large_image","twitter_misc":{"Est. reading time":"1 minute"},"schema":{"@context":"https:\/\/schema.org","@graph":[{"@type":"WebPage","@id":"https:\/\/tdst.ca\/en\/careers\/","url":"https:\/\/tdst.ca\/en\/careers\/","name":"CAREERS - Tdst","isPartOf":{"@id":"https:\/\/tdst.ca\/#website"},"primaryImageOfPage":{"@id":"https:\/\/tdst.ca\/en\/careers\/#primaryimage"},"image":{"@id":"https:\/\/tdst.ca\/en\/careers\/#primaryimage"},"thumbnailUrl":"https:\/\/tdst.ca\/wp-content\/uploads\/2021\/03\/Bannieres-6.png","datePublished":"2021-06-20T10:15:11+00:00","dateModified":"2021-06-23T00:02:27+00:00","inLanguage":"en-US","potentialAction":[{"@type":"ReadAction","target":["https:\/\/tdst.ca\/en\/careers\/"]}]},{"@type":"ImageObject","inLanguage":"en-US","@id":"https:\/\/tdst.ca\/en\/careers\/#primaryimage","url":"https:\/\/tdst.ca\/wp-content\/uploads\/2021\/03\/Bannieres-6.png","contentUrl":"https:\/\/tdst.ca\/wp-content\/uploads\/2021\/03\/Bannieres-6.png"},{"@type":"WebSite","@id":"https:\/\/tdst.ca\/#website","url":"https:\/\/tdst.ca\/","name":"Tdst","description":"L&#039;eau est une qualit\u00e9 de vie!","publisher":{"@id":"https:\/\/tdst.ca\/#organization"},"potentialAction":[{"@type":"SearchAction","target":{"@type":"EntryPoint","urlTemplate":"https:\/\/tdst.ca\/?s={search_term_string}"},"query-input":{"@type":"PropertyValueSpecification","valueRequired":true,"valueName":"search_term_string"}}],"inLanguage":"en-US"},{"@type":"Organization","@id":"https:\/\/tdst.ca\/#organization","name":"Tdst","url":"https:\/\/tdst.ca\/","logo":{"@type":"ImageObject","inLanguage":"en-US","@id":"https:\/\/tdst.ca\/#\/schema\/logo\/image\/","url":"https:\/\/i0.wp.com\/tdst.ca\/wp-content\/uploads\/2021\/03\/cropped-LOGOS.png?fit=209%2C247&ssl=1","contentUrl":"https:\/\/i0.wp.com\/tdst.ca\/wp-content\/uploads\/2021\/03\/cropped-LOGOS.png?fit=209%2C247&ssl=1","width":209,"height":247,"caption":"Tdst"},"image":{"@id":"https:\/\/tdst.ca\/#\/schema\/logo\/image\/"}}]}},"jetpack_sharing_enabled":true,"_links":{"self":[{"href":"https:\/\/tdst.ca\/en\/wp-json\/wp\/v2\/pages\/1146","targetHints":{"allow":["GET"]}}],"collection":[{"href":"https:\/\/tdst.ca\/en\/wp-json\/wp\/v2\/pages"}],"about":[{"href":"https:\/\/tdst.ca\/en\/wp-json\/wp\/v2\/types\/page"}],"author":[{"embeddable":true,"href":"https:\/\/tdst.ca\/en\/wp-json\/wp\/v2\/users\/1"}],"replies":[{"embeddable":true,"href":"https:\/\/tdst.ca\/en\/wp-json\/wp\/v2\/comments?post=1146"}],"version-history":[{"count":5,"href":"https:\/\/tdst.ca\/en\/wp-json\/wp\/v2\/pages\/1146\/revisions"}],"predecessor-version":[{"id":1258,"href":"https:\/\/tdst.ca\/en\/wp-json\/wp\/v2\/pages\/1146\/revisions\/1258"}],"wp:attachment":[{"href":"https:\/\/tdst.ca\/en\/wp-json\/wp\/v2\/media?parent=1146"}],"curies":[{"name":"wp","href":"https:\/\/api.w.org\/{rel}","templated":true}]}}